{"id":434,"date":"2022-10-15T23:32:18","date_gmt":"2022-10-15T23:32:18","guid":{"rendered":"https:\/\/alquilerautoibiza.com\/?page_id=434"},"modified":"2022-10-16T00:34:48","modified_gmt":"2022-10-16T00:34:48","slug":"aeropuerto","status":"publish","type":"page","link":"https:\/\/alquilerautoibiza.com\/?page_id=434","title":{"rendered":"Alquiler coche Ibiza Aeropuerto"},"content":{"rendered":"\n<p>Cuando llegamos a nuestro destino queremos disfrutar de las vacaciones desde el minuto 1. El servicio de \u201c<strong>Alquiler coche Ibiza aeropuerto<\/strong>\u201d est\u00e1 pensado para que nada m\u00e1s bajarte del avi\u00f3n empieces a disfrutar de tus d\u00edas de descanso. Alquila un coche en el aeropuerto de Ibiza sin colas ni esperas. No olvides especificar en tu reserva online, que deseas recoger el coche contratando el <em>alquiler de coches en aeropuerto de Ibiza<\/em>.<\/p>\n\n\n\n<h2 class=\"wp-block-heading\">Alquiler coche Aeropuerto Ibiza, tu rent a car de confianza<\/h2>\n\n\n\n<p>Realiza tu reserva marcando la opci\u00f3n y recoge tu veh\u00edculo sin colas y en pocos minutos. Tu <strong>alquiler de coches en el aeropuerto de Ibiza<\/strong> para ahorrar en transfers del aeropuerto al hotel y del hotel al aeropuerto. Olv\u00eddate de pagar costosos <strong>traslados del aeropuerto a Ibiza<\/strong> y disfruta de tu estancia en la isla desde el primer momento. Aprovechar las ventajas del alquiler de coche en el aeropuerto de Ibiza es tan sencillo como especificarlo en el momento de la reserva.<\/p>\n\n\n\n<h2 class=\"wp-block-heading\">Alquiler de coches en aeropuerto Ibiza, recepci\u00f3n en parking P3<\/h2>\n\n\n\n<blockquote class=\"wp-block-quote is-layout-flow wp-block-quote-is-layout-flow\"><p>El mejor precio de coches de alquiler en Ibiza en el aeropuerto de la isla<\/p><\/blockquote>\n\n\n\n<p>A menos de 5 minutos de la puerta de llegadas del aeropuerto, encontrar\u00e1s nuestro punto de recepci\u00f3n en el parking P3. Aqu\u00ed puedes recoger y devolver tu veh\u00edculo con facilidad, sin largas colas y r\u00e1pidamente. Tu coche o moto de alquiler sin necesidad de traslados, nuestro servicio de \u201cAlquiler coche Ibiza aeropuerto\u201d te lo pone f\u00e1cil. \u00a1Empieza a disfrutar de tu viaje a Ibiza! La belleza de la isla te espera entre calas y acantilados, junto a <a href=\"https:\/\/alquilerautoibiza.com\/dalt-vila-eivissa-ciudadela-amurallada\/\">Dalt Vila<\/a>, la ciudadela amurallada llena de vida.<\/p>\n\n\n\n<p>La libertad que te ofrece <strong>una moto o coche de alquiler<\/strong> solo la podr\u00e1s apreciar una vez estes en la isla. Desde la comodidad que supone el desplazarte puerta a puerta, sin colas y esperas de un transporte p\u00fablico que no llega a todas partes. Alquilar un veh\u00edculo en el aeropuerto de Ibiza te garantiza la flexibilidad para realizar <strong>rutas<\/strong> a cualquier hora. Visita las mejores calas y disfruta de las vistas desde sus acantilados <strong>sin restricciones de horario o limitaciones de transporte<\/strong>. Con tu veh\u00edculo de alquiler llegar\u00e1s a todos los rincones de la isla, lugares tur\u00edsticos donde el transporte p\u00fablico no te puede trasladar.<\/p>\n\n\n\n<p>\u00bfQuieres empezar ya? El destino tur\u00edstico m\u00e1s bonito del mediterr\u00e1neo te espera con los brazos abiertos.<\/p>\n\n\n\n<h3 class=\"wp-block-heading\">Qu\u00e9 ver en Ibiza cerca del aeropuerto<\/h3>\n\n\n\n<p>Al sur de Eivissa est\u00e1 situado el peque\u00f1o aeropuerto de la isla. Desde ah\u00ed podr\u00e1s visitar los primeros lugares tur\u00edsticos. La <strong>playa Las Salinas<\/strong> (nombre original Platja Ses Salines), La <strong>Torre de Ses Portes<\/strong> o el <strong>Asentamiento fenicio de sa Caleta<\/strong>, son tres bonitos lugares para hacer tus primeras visitas.<\/p>\n\n\n\n<p>Inst\u00e1late en el hotel, alojamiento o villa. T\u00f3mate tu descanso despu\u00e9s de comer, porque un bonito paseo por las calles de Dalt Vila te est\u00e1 esperando. Es el preludio de una cena con encanto y una noche fren\u00e9tica el los <strong>Beach Club de la playa en Bossa<\/strong> (Platja d&#8217;en Bossa).<\/p>\n\n\n\n<h3 class=\"wp-block-heading\">Playa Las Salinas<\/h3>\n\n\n\n<p>Una de las playas que puedes visitar a tu llegada a la isla es la Playa Las Salinas. Ubicada en el Parque Natural de Ses Salines, es una de las m\u00e1s concurridas y populares de Ibiza debido a que entre sus sombrillas puedes encontrar a famosos y personajes p\u00fablicos.<\/p>\n\n\n\n<h3 class=\"wp-block-heading\">Torre de Ses Portes<\/h3>\n\n\n\n<p>Una de las m\u00e1s bonitas y visitadas torres de defensa (o conocidas como torres piratas de Ibiza) es la Torre de Ses Portes. Con una altura considerable y dos plantas se alza entre dos playas cercanas, adem\u00e1s cerca de ellas, podr\u00e1s conocer las famosas casetas varadero. Desde esta torre pirata de Ibiza se pueden apreciar las bellas aguas turquesa que rodean la costa.<\/p>\n\n\n\n<h3 class=\"wp-block-heading\">Asentamiento fenicio Sa Caleta<\/h3>\n\n\n\n<p>El poblado fenicio de Sa Caleta es el primer asentamiento de la isla. Aunque sus habitantes la abandonaron pocos a\u00f1os despu\u00e9s, ha dejado huella en la historia de la isla. Reconocido a nivel mundial y nombrado por la Unesco como Patrimonio de la Humanidad, es un destino cultural de obligada visita.<\/p>\n","protected":false},"excerpt":{"rendered":"<p>Cuando llegamos a nuestro destino queremos disfrutar de las vacaciones desde el minuto 1. El servicio de \u201cAlquiler coche Ibiza aeropuerto\u201d est\u00e1 pensado para que nada m\u00e1s bajarte del avi\u00f3n empieces a disfrutar de tus d\u00edas de descanso. Alquila un coche en el aeropuerto de Ibiza sin colas ni esperas. No olvides especificar en tu [&hellip;]<\/p>\n","protected":false},"author":2,"featured_media":0,"parent":0,"menu_order":0,"comment_status":"closed","ping_status":"closed","template":"","meta":{"footnotes":""},"class_list":["post-434","page","type-page","status-publish","hentry"],"_links":{"self":[{"href":"https:\/\/alquilerautoibiza.com\/index.php?rest_route=\/wp\/v2\/pages\/434","targetHints":{"allow":["GET"]}}],"collection":[{"href":"https:\/\/alquilerautoibiza.com\/index.php?rest_route=\/wp\/v2\/pages"}],"about":[{"href":"https:\/\/alquilerautoibiza.com\/index.php?rest_route=\/wp\/v2\/types\/page"}],"author":[{"embeddable":true,"href":"https:\/\/alquilerautoibiza.com\/index.php?rest_route=\/wp\/v2\/users\/2"}],"replies":[{"embeddable":true,"href":"https:\/\/alquilerautoibiza.com\/index.php?rest_route=%2Fwp%2Fv2%2Fcomments&post=434"}],"version-history":[{"count":8,"href":"https:\/\/alquilerautoibiza.com\/index.php?rest_route=\/wp\/v2\/pages\/434\/revisions"}],"predecessor-version":[{"id":454,"href":"https:\/\/alquilerautoibiza.com\/index.php?rest_route=\/wp\/v2\/pages\/434\/revisions\/454"}],"wp:attachment":[{"href":"https:\/\/alquilerautoibiza.com\/index.php?rest_route=%2Fwp%2Fv2%2Fmedia&parent=434"}],"curies":[{"name":"wp","href":"https:\/\/api.w.org\/{rel}","templated":true}]}}