{"id":455,"date":"2022-10-16T16:23:11","date_gmt":"2022-10-16T16:23:11","guid":{"rendered":"https:\/\/alquilerautoibiza.com\/?page_id=455"},"modified":"2022-11-02T14:35:55","modified_gmt":"2022-11-02T14:35:55","slug":"moto-scooter-vespa","status":"publish","type":"page","link":"https:\/\/alquilerautoibiza.com\/?page_id=455","title":{"rendered":"Alquiler moto Ibiza"},"content":{"rendered":"\n<p><strong>\u00bfNecesitas alquilar una moto en Ibiza?<\/strong> Te ofrecemos las mejores motos de alquiler en Ibiza al mejor precio. Expertos en alquiler motos Ibiza desde 1960 con una contrastada experiencia avalada por cientos de opiniones de nuestros clientes. Con un trato cercano te ayudaremos a elegir el mejor modelo de <strong>motocicleta<\/strong>, <strong>scooter<\/strong> o <strong>Vespa de alquiler<\/strong>. Motos de 125 o 300cc que te ayudaran a recorrer la isla sin limitaciones.<\/p>\n\n\n\n<p>Si tienes dudas sobre nuestro servicio de \u201c <strong>alquiler moto Ibiza<\/strong> \u201d, consulta las FAQS en la p\u00e1gina principal. Tambi\u00e9n puedes descargar el PDF sobre las condiciones del <em>alquiler de motos en Ibiza<\/em> a trav\u00e9s de nuestro <a href=\"https:\/\/alquilerautoibiza.com\/\">rent a car<\/a>.<\/p>\n\n\n\n<h2 class=\"wp-block-heading\">Alquiler de motos barato en Ibiza y San Antonio al mejor precio<\/h2>\n\n\n\n<p>Consulta el <strong>precio de motos de alquiler en Ibiza<\/strong> y no te lleves sorpresas. Un servicio transparente y sin costes ocultos.<\/p>\n\n\n\n<p>Si te gusta hacer ruta o peque\u00f1as excursiones en moto, no dudes en alquilar una moto en Ibiza durante tus vacaciones en la isla. Con una amplia red de carreteras secundarias, este destino tur\u00edstico del mediterr\u00e1neo, es ideal para ser explorado en motocicleta. Si eres un alma libre, el <strong>alquiler de vespa en Ibiza<\/strong> o scooter 125 es la mejor opci\u00f3n. Es importante contar con experiencia en la conducci\u00f3n de scooters o tener el carnet de conducir de moto (A2).<\/p>\n\n\n\n<h2 class=\"wp-block-heading\">Alquiler de motocicletas con las franquicias m\u00e1s bajas y seguro a todo riesgo<\/h2>\n\n\n\n<p>Nuestro rent a car te ofrece <strong>las franquicias m\u00e1s bajas<\/strong> para motos de alquiler en Ibiza. Consulta las tarifas actualizadas y las condiciones de alquiler mostradas durante tu reserva. Opta por contratar nuestro <strong>seguro a todo riesgo<\/strong> All in One , si deseas una tranquilidad total. Consulta las ventajas que te eximen del pago de la franquicia en caso de da\u00f1os. Te recomendamos que ampl\u00edes la informaci\u00f3n sobre su cobertura.<\/p>\n\n\n\n<h3 class=\"wp-block-heading\">Rincones secretos accesibles en motocicleta<\/h3>\n\n\n\n<p>La grande de las Pitiusas esconde rincones secretos entre calas y acantilados, adem\u00e1s de preciosas rutas por carretera. Las rutas gastron\u00f3micas son una buena alternativa para conocer el interior de la isla. Si te desplazas en motocicleta podr\u00e1s recorrer la isla con total libertad y sin problemas para aparcar vayas donde vayas. Puedes consultar la \u00abGuia de Eivissa\u00bb en nuestro blog, pero aqu\u00ed os dejamos algunas propuestas para que descubras la otra cara de la isla, alejada de discotecas y ocio nocturno.<\/p>\n","protected":false},"excerpt":{"rendered":"<p>\u00bfNecesitas alquilar una moto en Ibiza? Te ofrecemos las mejores motos de alquiler en Ibiza al mejor precio. Expertos en alquiler motos Ibiza desde 1960 con una contrastada experiencia avalada por cientos de opiniones de nuestros clientes. Con un trato cercano te ayudaremos a elegir el mejor modelo de motocicleta, scooter o Vespa de alquiler. [&hellip;]<\/p>\n","protected":false},"author":2,"featured_media":0,"parent":0,"menu_order":0,"comment_status":"closed","ping_status":"closed","template":"","meta":{"footnotes":""},"class_list":["post-455","page","type-page","status-publish","hentry"],"_links":{"self":[{"href":"https:\/\/alquilerautoibiza.com\/index.php?rest_route=\/wp\/v2\/pages\/455","targetHints":{"allow":["GET"]}}],"collection":[{"href":"https:\/\/alquilerautoibiza.com\/index.php?rest_route=\/wp\/v2\/pages"}],"about":[{"href":"https:\/\/alquilerautoibiza.com\/index.php?rest_route=\/wp\/v2\/types\/page"}],"author":[{"embeddable":true,"href":"https:\/\/alquilerautoibiza.com\/index.php?rest_route=\/wp\/v2\/users\/2"}],"replies":[{"embeddable":true,"href":"https:\/\/alquilerautoibiza.com\/index.php?rest_route=%2Fwp%2Fv2%2Fcomments&post=455"}],"version-history":[{"count":6,"href":"https:\/\/alquilerautoibiza.com\/index.php?rest_route=\/wp\/v2\/pages\/455\/revisions"}],"predecessor-version":[{"id":467,"href":"https:\/\/alquilerautoibiza.com\/index.php?rest_route=\/wp\/v2\/pages\/455\/revisions\/467"}],"wp:attachment":[{"href":"https:\/\/alquilerautoibiza.com\/index.php?rest_route=%2Fwp%2Fv2%2Fmedia&parent=455"}],"curies":[{"name":"wp","href":"https:\/\/api.w.org\/{rel}","templated":true}]}}